{"id":450,"date":"2023-01-18T18:32:19","date_gmt":"2023-01-18T17:32:19","guid":{"rendered":"https:\/\/www.pierredargent.fr\/?page_id=450"},"modified":"2023-03-29T15:13:20","modified_gmt":"2023-03-29T13:13:20","slug":"contact-us","status":"publish","type":"page","link":"https:\/\/www.pierredargent.fr\/en\/contact-us\/","title":{"rendered":"Contact Us"},"content":{"rendered":"\n<h2 class=\"wp-block-heading\">By contacting LACO, you know you are dealing directly with the manufacturer!<\/h2>\n\n\n\n<p>Our team is at your entire disposal and open to your projects. If you have any questions, do not hesitate to contact us. We will get back to you as soon as possible with adapted solutions.<\/p>\n\n\n\n<div class=\"wp-block-group has-background is-layout-constrained wp-block-group-is-layout-constrained\" style=\"background-color:#e9e9e9\"><div class=\"wp-block-group__inner-container\">\n<h3 class=\"has-text-align-center mt-4 has-large-font-size wp-block-heading\">Contact Us<\/h3>\n\n\n\n<div class=\"wp-block-columns no-gap rounded is-layout-flex wp-container-core-columns-layout-1 wp-block-columns-is-layout-flex\">\n<div class=\"wp-block-column has-white-color has-text-color has-background is-layout-flow wp-block-column-is-layout-flow\" style=\"background-color:#22406b;flex-basis:33.33%\">\n<h4 class=\"has-text-align-center wp-block-heading\" style=\"text-transform:uppercase\">Informations<\/h4>\n\n\n\n<p class=\"has-text-align-center phone\">+33 (0)3 88 513 000<\/p>\n\n\n\n<p class=\"has-text-align-center address\"><strong>LACO<\/strong><br>3, Avenue de l&#8217;Europe<br>F &#8211; 67728 Hoerdt<\/p>\n<\/div>\n\n\n\n<div class=\"wp-block-column has-white-background-color has-background is-layout-flow wp-block-column-is-layout-flow\" style=\"flex-basis:66.66%\">\n<div class=\"wpcf7 no-js\" id=\"wpcf7-f573-o1\" lang=\"fr-FR\" dir=\"ltr\">\n<div class=\"screen-reader-response\"><p role=\"status\" aria-live=\"polite\" aria-atomic=\"true\"><\/p> <ul><\/ul><\/div>\n<form action=\"\/en\/wp-json\/wp\/v2\/pages\/450#wpcf7-f573-o1\" method=\"post\" class=\"wpcf7-form init\" aria-label=\"Formulaire de contact\" novalidate=\"novalidate\" data-status=\"init\">\n<div style=\"display: none;\">\n<input type=\"hidden\" name=\"_wpcf7\" value=\"573\" \/>\n<input type=\"hidden\" name=\"_wpcf7_version\" value=\"5.8.4\" \/>\n<input type=\"hidden\" name=\"_wpcf7_locale\" value=\"fr_FR\" \/>\n<input type=\"hidden\" name=\"_wpcf7_unit_tag\" value=\"wpcf7-f573-o1\" \/>\n<input type=\"hidden\" name=\"_wpcf7_container_post\" value=\"0\" \/>\n<input type=\"hidden\" name=\"_wpcf7_posted_data_hash\" value=\"\" \/>\n<input type=\"hidden\" name=\"_wpcf7_recaptcha_response\" value=\"\" \/>\n<\/div>\n<div class=\"row\">\n\t<div class=\"col-6\">\n\t\t<p><label>Name *<\/label><span class=\"wpcf7-form-control-wrap\" data-name=\"your-name\"><input size=\"40\" class=\"wpcf7-form-control wpcf7-text wpcf7-validates-as-required\" autocomplete=\"name\" aria-required=\"true\" aria-invalid=\"false\" value=\"\" type=\"text\" name=\"your-name\" \/><\/span>\n\t\t<\/p>\n\t<\/div>\n\t<div class=\"col-6\">\n\t\t<p><label>Firstname *<\/label><span class=\"wpcf7-form-control-wrap\" data-name=\"your-firstname\"><input size=\"40\" class=\"wpcf7-form-control wpcf7-text wpcf7-validates-as-required\" autocomplete=\"firstname\" aria-required=\"true\" aria-invalid=\"false\" value=\"\" type=\"text\" name=\"your-firstname\" \/><\/span>\n\t\t<\/p>\n\t<\/div>\n<\/div>\n<div class=\"row\">\n\t<div class=\"col-6\">\n\t\t<p><label>Email *<\/label><span class=\"wpcf7-form-control-wrap\" data-name=\"your-email\"><input size=\"40\" class=\"wpcf7-form-control wpcf7-email wpcf7-validates-as-required wpcf7-text wpcf7-validates-as-email\" autocomplete=\"email\" aria-required=\"true\" aria-invalid=\"false\" value=\"\" type=\"email\" name=\"your-email\" \/><\/span>\n\t\t<\/p>\n\t<\/div>\n\t<div class=\"col-6\">\n\t\t<p><label>Phone<\/label><span class=\"wpcf7-form-control-wrap\" data-name=\"your-phone\"><input size=\"40\" class=\"wpcf7-form-control wpcf7-text\" autocomplete=\"phone\" aria-invalid=\"false\" value=\"\" type=\"text\" name=\"your-phone\" \/><\/span>\n\t\t<\/p>\n\t<\/div>\n<\/div>\n<div class=\"row\">\n\t<div class=\"col-12\">\n\t\t<p><label>Country *<\/label><span class=\"wpcf7-form-control-wrap\" data-name=\"your-country\"><select class=\"wpcf7-form-control wpcf7-select wpcf7-validates-as-required\" aria-required=\"true\" aria-invalid=\"false\" name=\"your-country\"><option value=\"France\">France<\/option><option value=\"Afghanistan\">Afghanistan<\/option><option value=\"Albanie\">Albanie<\/option><option value=\"Antarctique\">Antarctique<\/option><option value=\"Alg\u00e9rie\">Alg\u00e9rie<\/option><option value=\"Samoa Am\u00e9ricaines\">Samoa Am\u00e9ricaines<\/option><option value=\"Andorre\">Andorre<\/option><option value=\"Angola\">Angola<\/option><option value=\"Antigua-et-Barbuda\">Antigua-et-Barbuda<\/option><option value=\"Azerba\u00efdjan\">Azerba\u00efdjan<\/option><option value=\"Argentine\">Argentine<\/option><option value=\"Australie\">Australie<\/option><option value=\"Autriche\">Autriche<\/option><option value=\"Bahamas\">Bahamas<\/option><option value=\"Bahre\u00efn\">Bahre\u00efn<\/option><option value=\"Bangladesh\">Bangladesh<\/option><option value=\"Arm\u00e9nie\">Arm\u00e9nie<\/option><option value=\"Barbade\">Barbade<\/option><option value=\"Belgique\">Belgique<\/option><option value=\"Bermudes\">Bermudes<\/option><option value=\"Bhoutan\">Bhoutan<\/option><option value=\"Bolivie\">Bolivie<\/option><option value=\"Bosnie-Herz\u00e9govine\">Bosnie-Herz\u00e9govine<\/option><option value=\"Botswana\">Botswana<\/option><option value=\"\u00cele Bouvet\">\u00cele Bouvet<\/option><option value=\"Br\u00e9sil\">Br\u00e9sil<\/option><option value=\"Belize\">Belize<\/option><option value=\"Territoire Britannique de l&#039;Oc\u00e9an Indien\">Territoire Britannique de l&#039;Oc\u00e9an Indien<\/option><option value=\"\u00celes Salomon\">\u00celes Salomon<\/option><option value=\"\u00celes Vierges Britanniques\">\u00celes Vierges Britanniques<\/option><option value=\"Brun\u00e9i Darussalam\">Brun\u00e9i Darussalam<\/option><option value=\"Bulgarie\">Bulgarie<\/option><option value=\"Myanmar\">Myanmar<\/option><option value=\"Burundi\">Burundi<\/option><option value=\"B\u00e9larus\">B\u00e9larus<\/option><option value=\"Cambodge\">Cambodge<\/option><option value=\"Cameroun\">Cameroun<\/option><option value=\"Canada\">Canada<\/option><option value=\"Cap-vert\">Cap-vert<\/option><option value=\"\u00celes Ca\u00efmanes\">\u00celes Ca\u00efmanes<\/option><option value=\"R\u00e9publique Centrafricaine\">R\u00e9publique Centrafricaine<\/option><option value=\"Sri Lanka\">Sri Lanka<\/option><option value=\"Tchad\">Tchad<\/option><option value=\"Chili\">Chili<\/option><option value=\"Chine\">Chine<\/option><option value=\"Ta\u00efwan\">Ta\u00efwan<\/option><option value=\"\u00cele Christmas\">\u00cele Christmas<\/option><option value=\"\u00celes Cocos (Keeling)\">\u00celes Cocos (Keeling)<\/option><option value=\"Colombie\">Colombie<\/option><option value=\"Comores\">Comores<\/option><option value=\"Mayotte\">Mayotte<\/option><option value=\"R\u00e9publique du Congo\">R\u00e9publique du Congo<\/option><option value=\"R\u00e9publique D\u00e9mocratique du Congo\">R\u00e9publique D\u00e9mocratique du Congo<\/option><option value=\"\u00celes Cook\">\u00celes Cook<\/option><option value=\"Costa Rica\">Costa Rica<\/option><option value=\"Croatie\">Croatie<\/option><option value=\"Cuba\">Cuba<\/option><option value=\"Chypre\">Chypre<\/option><option value=\"R\u00e9publique Tch\u00e8que\">R\u00e9publique Tch\u00e8que<\/option><option value=\"B\u00e9nin\">B\u00e9nin<\/option><option value=\"Danemark\">Danemark<\/option><option value=\"Dominique\">Dominique<\/option><option value=\"R\u00e9publique Dominicaine\">R\u00e9publique Dominicaine<\/option><option value=\"\u00c9quateur\">\u00c9quateur<\/option><option value=\"El Salvador\">El Salvador<\/option><option value=\"Guin\u00e9e \u00c9quatoriale\">Guin\u00e9e \u00c9quatoriale<\/option><option value=\"\u00c9thiopie\">\u00c9thiopie<\/option><option value=\"\u00c9rythr\u00e9e\">\u00c9rythr\u00e9e<\/option><option value=\"Estonie\">Estonie<\/option><option value=\"\u00celes F\u00e9ro\u00e9\">\u00celes F\u00e9ro\u00e9<\/option><option value=\"\u00celes (malvinas) Falkland\">\u00celes (malvinas) Falkland<\/option><option value=\"G\u00e9orgie du Sud et les \u00celes Sandwich du Sud\">G\u00e9orgie du Sud et les \u00celes Sandwich du Sud<\/option><option value=\"Fidji\">Fidji<\/option><option value=\"Finlande\">Finlande<\/option><option value=\"\u00celes \u00c5land\">\u00celes \u00c5land<\/option><option value=\"Guyane Fran\u00e7aise\">Guyane Fran\u00e7aise<\/option><option value=\"Polyn\u00e9sie Fran\u00e7aise\">Polyn\u00e9sie Fran\u00e7aise<\/option><option value=\"Terres Australes Fran\u00e7aises\">Terres Australes Fran\u00e7aises<\/option><option value=\"Djibouti\">Djibouti<\/option><option value=\"Gabon\">Gabon<\/option><option value=\"G\u00e9orgie\">G\u00e9orgie<\/option><option value=\"Gambie\">Gambie<\/option><option value=\"Territoire Palestinien Occup\u00e9\">Territoire Palestinien Occup\u00e9<\/option><option value=\"Allemagne\">Allemagne<\/option><option value=\"Ghana\">Ghana<\/option><option value=\"Gibraltar\">Gibraltar<\/option><option value=\"Kiribati\">Kiribati<\/option><option value=\"Gr\u00e8ce\">Gr\u00e8ce<\/option><option value=\"Groenland\">Groenland<\/option><option value=\"Grenade\">Grenade<\/option><option value=\"Guadeloupe\">Guadeloupe<\/option><option value=\"Guam\">Guam<\/option><option value=\"Guatemala\">Guatemala<\/option><option value=\"Guin\u00e9e\">Guin\u00e9e<\/option><option value=\"Guyana\">Guyana<\/option><option value=\"Ha\u00efti\">Ha\u00efti<\/option><option value=\"\u00celes Heard et Mcdonald\">\u00celes Heard et Mcdonald<\/option><option value=\"Saint-Si\u00e8ge (\u00e9tat de la Cit\u00e9 du Vatican)\">Saint-Si\u00e8ge (\u00e9tat de la Cit\u00e9 du Vatican)<\/option><option value=\"Honduras\">Honduras<\/option><option value=\"Hong-Kong\">Hong-Kong<\/option><option value=\"Hongrie\">Hongrie<\/option><option value=\"Islande\">Islande<\/option><option value=\"Inde\">Inde<\/option><option value=\"Indon\u00e9sie\">Indon\u00e9sie<\/option><option value=\"R\u00e9publique Islamique d&#039;Iran\">R\u00e9publique Islamique d&#039;Iran<\/option><option value=\"Iraq\">Iraq<\/option><option value=\"Irlande\">Irlande<\/option><option value=\"Isra\u00ebl\">Isra\u00ebl<\/option><option value=\"Italie\">Italie<\/option><option value=\"C\u00f4te d&#039;Ivoire\">C\u00f4te d&#039;Ivoire<\/option><option value=\"Jama\u00efque\">Jama\u00efque<\/option><option value=\"Japon\">Japon<\/option><option value=\"Kazakhstan\">Kazakhstan<\/option><option value=\"Jordanie\">Jordanie<\/option><option value=\"Kenya\">Kenya<\/option><option value=\"R\u00e9publique Populaire D\u00e9mocratique de Cor\u00e9e\">R\u00e9publique Populaire D\u00e9mocratique de Cor\u00e9e<\/option><option value=\"R\u00e9publique de Cor\u00e9e\">R\u00e9publique de Cor\u00e9e<\/option><option value=\"Kowe\u00eft\">Kowe\u00eft<\/option><option value=\"Kirghizistan\">Kirghizistan<\/option><option value=\"R\u00e9publique D\u00e9mocratique Populaire Lao\">R\u00e9publique D\u00e9mocratique Populaire Lao<\/option><option value=\"Liban\">Liban<\/option><option value=\"Lesotho\">Lesotho<\/option><option value=\"Lettonie\">Lettonie<\/option><option value=\"Lib\u00e9ria\">Lib\u00e9ria<\/option><option value=\"Jamahiriya Arabe Libyenne\">Jamahiriya Arabe Libyenne<\/option><option value=\"Liechtenstein\">Liechtenstein<\/option><option value=\"Lituanie\">Lituanie<\/option><option value=\"Luxembourg\">Luxembourg<\/option><option value=\"Macao\">Macao<\/option><option value=\"Madagascar\">Madagascar<\/option><option value=\"Malawi\">Malawi<\/option><option value=\"Malaisie\">Malaisie<\/option><option value=\"Maldives\">Maldives<\/option><option value=\"Mali\">Mali<\/option><option value=\"Malte\">Malte<\/option><option value=\"Martinique\">Martinique<\/option><option value=\"Mauritanie\">Mauritanie<\/option><option value=\"Maurice\">Maurice<\/option><option value=\"Mexique\">Mexique<\/option><option value=\"Monaco\">Monaco<\/option><option value=\"Mongolie\">Mongolie<\/option><option value=\"R\u00e9publique de Moldova\">R\u00e9publique de Moldova<\/option><option value=\"Montserrat\">Montserrat<\/option><option value=\"Maroc\">Maroc<\/option><option value=\"Mozambique\">Mozambique<\/option><option value=\"Oman\">Oman<\/option><option value=\"Namibie\">Namibie<\/option><option value=\"Nauru\">Nauru<\/option><option value=\"N\u00e9pal\">N\u00e9pal<\/option><option value=\"Pays-Bas\">Pays-Bas<\/option><option value=\"Antilles N\u00e9erlandaises\">Antilles N\u00e9erlandaises<\/option><option value=\"Aruba\">Aruba<\/option><option value=\"Nouvelle-Cal\u00e9donie\">Nouvelle-Cal\u00e9donie<\/option><option value=\"Vanuatu\">Vanuatu<\/option><option value=\"Nouvelle-Z\u00e9lande\">Nouvelle-Z\u00e9lande<\/option><option value=\"Nicaragua\">Nicaragua<\/option><option value=\"Niger\">Niger<\/option><option value=\"Nig\u00e9ria\">Nig\u00e9ria<\/option><option value=\"Niu\u00e9\">Niu\u00e9<\/option><option value=\"\u00cele Norfolk\">\u00cele Norfolk<\/option><option value=\"Norv\u00e8ge\">Norv\u00e8ge<\/option><option value=\"\u00celes Mariannes du Nord\">\u00celes Mariannes du Nord<\/option><option value=\"\u00celes Mineures \u00c9loign\u00e9es des \u00c9tats-Unis\">\u00celes Mineures \u00c9loign\u00e9es des \u00c9tats-Unis<\/option><option value=\"\u00c9tats F\u00e9d\u00e9r\u00e9s de Micron\u00e9sie\">\u00c9tats F\u00e9d\u00e9r\u00e9s de Micron\u00e9sie<\/option><option value=\"\u00celes Marshall\">\u00celes Marshall<\/option><option value=\"Palaos\">Palaos<\/option><option value=\"Pakistan\">Pakistan<\/option><option value=\"Panama\">Panama<\/option><option value=\"Papouasie-Nouvelle-Guin\u00e9e\">Papouasie-Nouvelle-Guin\u00e9e<\/option><option value=\"Paraguay\">Paraguay<\/option><option value=\"P\u00e9rou\">P\u00e9rou<\/option><option value=\"Philippines\">Philippines<\/option><option value=\"Pitcairn\">Pitcairn<\/option><option value=\"Pologne\">Pologne<\/option><option value=\"Portugal\">Portugal<\/option><option value=\"Guin\u00e9e-Bissau\">Guin\u00e9e-Bissau<\/option><option value=\"Timor-Leste\">Timor-Leste<\/option><option value=\"Porto Rico\">Porto Rico<\/option><option value=\"Qatar\">Qatar<\/option><option value=\"R\u00e9union\">R\u00e9union<\/option><option value=\"Roumanie\">Roumanie<\/option><option value=\"F\u00e9d\u00e9ration de Russie\">F\u00e9d\u00e9ration de Russie<\/option><option value=\"Rwanda\">Rwanda<\/option><option value=\"Sainte-H\u00e9l\u00e8ne\">Sainte-H\u00e9l\u00e8ne<\/option><option value=\"Saint-Kitts-et-Nevis\">Saint-Kitts-et-Nevis<\/option><option value=\"Anguilla\">Anguilla<\/option><option value=\"Sainte-Lucie\">Sainte-Lucie<\/option><option value=\"Saint-Pierre-et-Miquelon\">Saint-Pierre-et-Miquelon<\/option><option value=\"Saint-Vincent-et-les Grenadines\">Saint-Vincent-et-les Grenadines<\/option><option value=\"Saint-Marin\">Saint-Marin<\/option><option value=\"Sao Tom\u00e9-et-Principe\">Sao Tom\u00e9-et-Principe<\/option><option value=\"Arabie Saoudite\">Arabie Saoudite<\/option><option value=\"S\u00e9n\u00e9gal\">S\u00e9n\u00e9gal<\/option><option value=\"Seychelles\">Seychelles<\/option><option value=\"Sierra Leone\">Sierra Leone<\/option><option value=\"Singapour\">Singapour<\/option><option value=\"Slovaquie\">Slovaquie<\/option><option value=\"Viet Nam\">Viet Nam<\/option><option value=\"Slov\u00e9nie\">Slov\u00e9nie<\/option><option value=\"Somalie\">Somalie<\/option><option value=\"Afrique du Sud\">Afrique du Sud<\/option><option value=\"Zimbabwe\">Zimbabwe<\/option><option value=\"Espagne\">Espagne<\/option><option value=\"Sahara Occidental\">Sahara Occidental<\/option><option value=\"Soudan\">Soudan<\/option><option value=\"Suriname\">Suriname<\/option><option value=\"Svalbard et\u00cele Jan Mayen\">Svalbard et\u00cele Jan Mayen<\/option><option value=\"Swaziland\">Swaziland<\/option><option value=\"Su\u00e8de\">Su\u00e8de<\/option><option value=\"Suisse\">Suisse<\/option><option value=\"R\u00e9publique Arabe Syrienne\">R\u00e9publique Arabe Syrienne<\/option><option value=\"Tadjikistan\">Tadjikistan<\/option><option value=\"Tha\u00eflande\">Tha\u00eflande<\/option><option value=\"Togo\">Togo<\/option><option value=\"Tokelau\">Tokelau<\/option><option value=\"Tonga\">Tonga<\/option><option value=\"Trinit\u00e9-et-Tobago\">Trinit\u00e9-et-Tobago<\/option><option value=\"\u00c9mirats Arabes Unis\">\u00c9mirats Arabes Unis<\/option><option value=\"Tunisie\">Tunisie<\/option><option value=\"Turquie\">Turquie<\/option><option value=\"Turkm\u00e9nistan\">Turkm\u00e9nistan<\/option><option value=\"\u00celes Turks et Ca\u00efques\">\u00celes Turks et Ca\u00efques<\/option><option value=\"Tuvalu\">Tuvalu<\/option><option value=\"Ouganda\">Ouganda<\/option><option value=\"Ukraine\">Ukraine<\/option><option value=\"L&#039;ex-R\u00e9publique Yougoslave de Mac\u00e9doine\">L&#039;ex-R\u00e9publique Yougoslave de Mac\u00e9doine<\/option><option value=\"\u00c9gypte\">\u00c9gypte<\/option><option value=\"Royaume-Uni\">Royaume-Uni<\/option><option value=\"\u00cele de Man\">\u00cele de Man<\/option><option value=\"R\u00e9publique-Unie de Tanzanie\">R\u00e9publique-Unie de Tanzanie<\/option><option value=\"\u00c9tats-Unis\">\u00c9tats-Unis<\/option><option value=\"\u00celes Vierges des \u00c9tats-Unis\">\u00celes Vierges des \u00c9tats-Unis<\/option><option value=\"Burkina Faso\">Burkina Faso<\/option><option value=\"Uruguay\">Uruguay<\/option><option value=\"Ouzb\u00e9kistan\">Ouzb\u00e9kistan<\/option><option value=\"Venezuela\">Venezuela<\/option><option value=\"Wallis et Futuna\">Wallis et Futuna<\/option><option value=\"Samoa\">Samoa<\/option><option value=\"Y\u00e9men\">Y\u00e9men<\/option><option value=\"Serbie-et-Mont\u00e9n\u00e9gro\">Serbie-et-Mont\u00e9n\u00e9gro<\/option><option value=\"Zambie\">Zambie<\/option><\/select><\/span>\n\t\t<\/p>\n\t<\/div>\n<\/div>\n<div class=\"row\">\n\t<div class=\"col-12\">\n\t\t<p><label>Subject<\/label><span class=\"wpcf7-form-control-wrap\" data-name=\"your-subject\"><input size=\"40\" class=\"wpcf7-form-control wpcf7-text\" aria-invalid=\"false\" value=\"\" type=\"text\" name=\"your-subject\" \/><\/span>\n\t\t<\/p>\n\t<\/div>\n<\/div>\n<div class=\"row\">\n\t<div class=\"col-12\">\n\t\t<p><label>Message *<\/label><span class=\"wpcf7-form-control-wrap\" data-name=\"your-message\"><textarea cols=\"40\" rows=\"10\" class=\"wpcf7-form-control wpcf7-textarea wpcf7-validates-as-required\" aria-required=\"true\" aria-invalid=\"false\" name=\"your-message\"><\/textarea><\/span>\n\t\t<\/p>\n\t<\/div>\n<\/div>\n<div class=\"row\">\n\t<div class=\"col-12 text-center\">\n\t\t<p><input class=\"wpcf7-form-control wpcf7-submit has-spinner\" type=\"submit\" value=\"Send\" \/>\n\t\t<\/p>\n\t<\/div>\n<\/div><div class=\"wpcf7-response-output\" aria-hidden=\"true\"><\/div>\n<\/form>\n<\/div>\n\n\n\n\n<p class=\"has-text-align-left has-small-font-size\"><em>* Required fields<\/em><\/p>\n<\/div>\n<\/div>\n<\/div><\/div>\n","protected":false},"excerpt":{"rendered":"<p>By contacting LACO, you know you are dealing directly with the manufacturer! Our team is at your entire disposal and open to your projects. If you have any questions, do not hesitate to contact us. We will get back to you as soon as possible with adapted solutions. Contact Us Informations +33 (0)3 88 513 [&hellip;]<\/p>\n","protected":false},"author":2,"featured_media":0,"parent":0,"menu_order":0,"comment_status":"closed","ping_status":"closed","template":"","meta":{"footnotes":""},"_links":{"self":[{"href":"https:\/\/www.pierredargent.fr\/en\/wp-json\/wp\/v2\/pages\/450"}],"collection":[{"href":"https:\/\/www.pierredargent.fr\/en\/wp-json\/wp\/v2\/pages"}],"about":[{"href":"https:\/\/www.pierredargent.fr\/en\/wp-json\/wp\/v2\/types\/page"}],"author":[{"embeddable":true,"href":"https:\/\/www.pierredargent.fr\/en\/wp-json\/wp\/v2\/users\/2"}],"replies":[{"embeddable":true,"href":"https:\/\/www.pierredargent.fr\/en\/wp-json\/wp\/v2\/comments?post=450"}],"version-history":[{"count":2,"href":"https:\/\/www.pierredargent.fr\/en\/wp-json\/wp\/v2\/pages\/450\/revisions"}],"predecessor-version":[{"id":574,"href":"https:\/\/www.pierredargent.fr\/en\/wp-json\/wp\/v2\/pages\/450\/revisions\/574"}],"wp:attachment":[{"href":"https:\/\/www.pierredargent.fr\/en\/wp-json\/wp\/v2\/media?parent=450"}],"curies":[{"name":"wp","href":"https:\/\/api.w.org\/{rel}","templated":true}]}}